{"id":8,"date":"2017-09-20T15:04:21","date_gmt":"2017-09-20T13:04:21","guid":{"rendered":"http:\/\/serwer1704560.home.pl\/wp\/?page_id=8"},"modified":"2021-07-22T12:24:54","modified_gmt":"2021-07-22T10:24:54","slug":"o-nas","status":"publish","type":"page","link":"https:\/\/wodneprzedszkole.pl\/index.php\/o-nas\/","title":{"rendered":"O nas"},"content":{"rendered":"<p><img loading=\"lazy\" decoding=\"async\" class=\"alignnone size-medium wp-image-29\" src=\"http:\/\/wodneprzedszkole.pl\/wp-content\/uploads\/2017\/09\/logo-300x160.png\" alt=\"\" width=\"300\" height=\"160\" srcset=\"https:\/\/wodneprzedszkole.pl\/wp-content\/uploads\/2017\/09\/logo-300x160.png 300w, https:\/\/wodneprzedszkole.pl\/wp-content\/uploads\/2017\/09\/logo.png 400w\" sizes=\"auto, (max-width: 300px) 100vw, 300px\" \/><\/p>\n<p>Nazywam si\u0119 <strong>Joanna Suchanecka<\/strong>, jestem absolwentk\u0105 wychowania fizycznego instruktorem sportu &#8211; specjalno\u015b\u0107 p\u0142ywanie oraz cz\u0142onkiem i instruktork\u0105 Polskiego Stowarzyszenia P\u0142ywania Niemowl\u0105t. P\u0142ywaniem niemowl\u0105t interesuj\u0119 si\u0119 od wielu lat. Przed rozpocz\u0119ciem swojej dzia\u0142alno\u015bci, mimo posiadanej wiedzy teoretycznej dotycz\u0105cej prowadzenia zaj\u0119\u0107 z niemowl\u0119tami i ma\u0142ymi dzie\u0107mi w wodzie, chcia\u0142am sprawdzi\u0107 to w praktyce, w\u00f3wczas pom\u00f3g\u0142 mi w tym m\u00f3j 4 miesi\u0119czny synek Nikodem.<\/p>\n<p>Pierwsze zaj\u0119cia z maluchami poprowadzi\u0142am w pa\u017adzierniku 2009 roku w Hotelu Sandra w Karpaczu.<\/p>\n<p>Wodne Przedszkole KUBU\u015a za\u0142o\u017cy\u0142am z my\u015bl\u0105 o aktywnym, a zarazem przyjemnym sp\u0119dzaniu czasu w rodzinnym gronie. Program nauczania opar\u0142am na gromadzonych przeze mnie od dawna materia\u0142ach oraz odbytych szkoleniach dotycz\u0105cych p\u0142ywania niemowl\u0105t i ma\u0142ych dzieci.Prywatnie jestem mam\u0105 Kuby i Nikodema.<\/p>\n","protected":false},"excerpt":{"rendered":"<p>Nazywam si\u0119 Joanna Suchanecka, jestem absolwentk\u0105 wychowania fizycznego instruktorem sportu &#8211; specjalno\u015b\u0107 p\u0142ywanie oraz cz\u0142onkiem i instruktork\u0105 Polskiego Stowarzyszenia P\u0142ywania Niemowl\u0105t. P\u0142ywaniem niemowl\u0105t interesuj\u0119 si\u0119 od wielu lat. Przed rozpocz\u0119ciem swojej dzia\u0142alno\u015bci, mimo posiadanej wiedzy teoretycznej dotycz\u0105cej prowadzenia zaj\u0119\u0107 z niemowl\u0119tami i ma\u0142ymi dzie\u0107mi w wodzie, chcia\u0142am sprawdzi\u0107 to w praktyce, w\u00f3wczas pom\u00f3g\u0142 mi w<a class=\"moretag\" href=\"https:\/\/wodneprzedszkole.pl\/index.php\/o-nas\/\"><span class=\"screen-reader-text\">Wi\u0119cej oO nas<\/span>[&#8230;]<\/a><\/p>\n","protected":false},"author":1,"featured_media":0,"parent":0,"menu_order":0,"comment_status":"closed","ping_status":"closed","template":"","meta":{"footnotes":""},"class_list":["post-8","page","type-page","status-publish","hentry"],"_links":{"self":[{"href":"https:\/\/wodneprzedszkole.pl\/index.php\/wp-json\/wp\/v2\/pages\/8","targetHints":{"allow":["GET"]}}],"collection":[{"href":"https:\/\/wodneprzedszkole.pl\/index.php\/wp-json\/wp\/v2\/pages"}],"about":[{"href":"https:\/\/wodneprzedszkole.pl\/index.php\/wp-json\/wp\/v2\/types\/page"}],"author":[{"embeddable":true,"href":"https:\/\/wodneprzedszkole.pl\/index.php\/wp-json\/wp\/v2\/users\/1"}],"replies":[{"embeddable":true,"href":"https:\/\/wodneprzedszkole.pl\/index.php\/wp-json\/wp\/v2\/comments?post=8"}],"version-history":[{"count":5,"href":"https:\/\/wodneprzedszkole.pl\/index.php\/wp-json\/wp\/v2\/pages\/8\/revisions"}],"predecessor-version":[{"id":596,"href":"https:\/\/wodneprzedszkole.pl\/index.php\/wp-json\/wp\/v2\/pages\/8\/revisions\/596"}],"wp:attachment":[{"href":"https:\/\/wodneprzedszkole.pl\/index.php\/wp-json\/wp\/v2\/media?parent=8"}],"curies":[{"name":"wp","href":"https:\/\/api.w.org\/{rel}","templated":true}]}}