{"id":7,"date":"2017-09-20T15:04:21","date_gmt":"2017-09-20T13:04:21","guid":{"rendered":"http:\/\/serwer1704560.home.pl\/wp\/?page_id=7"},"modified":"2017-09-20T15:04:21","modified_gmt":"2017-09-20T13:04:21","slug":"strona-glowna","status":"publish","type":"page","link":"https:\/\/wodneprzedszkole.pl\/","title":{"rendered":"Strona g\u0142\u00f3wna"},"content":{"rendered":"<p>Witamy na stronie! To jest strona g\u0142\u00f3wna, kt\u00f3r\u0105 zobaczy wi\u0119kszo\u015b\u0107 odwiedzaj\u0105cych, kiedy b\u0119dzie odwiedza\u0107 twoj\u0105 witryn\u0119 po raz pierwszy.<\/p>\n","protected":false},"excerpt":{"rendered":"<p>Witamy na stronie! To jest strona g\u0142\u00f3wna, kt\u00f3r\u0105 zobaczy wi\u0119kszo\u015b\u0107 odwiedzaj\u0105cych, kiedy b\u0119dzie odwiedza\u0107 twoj\u0105 witryn\u0119 po raz pierwszy.<\/p>\n","protected":false},"author":1,"featured_media":0,"parent":0,"menu_order":0,"comment_status":"closed","ping_status":"closed","template":"","meta":{"footnotes":""},"class_list":["post-7","page","type-page","status-publish","hentry"],"_links":{"self":[{"href":"https:\/\/wodneprzedszkole.pl\/index.php\/wp-json\/wp\/v2\/pages\/7","targetHints":{"allow":["GET"]}}],"collection":[{"href":"https:\/\/wodneprzedszkole.pl\/index.php\/wp-json\/wp\/v2\/pages"}],"about":[{"href":"https:\/\/wodneprzedszkole.pl\/index.php\/wp-json\/wp\/v2\/types\/page"}],"author":[{"embeddable":true,"href":"https:\/\/wodneprzedszkole.pl\/index.php\/wp-json\/wp\/v2\/users\/1"}],"replies":[{"embeddable":true,"href":"https:\/\/wodneprzedszkole.pl\/index.php\/wp-json\/wp\/v2\/comments?post=7"}],"version-history":[{"count":1,"href":"https:\/\/wodneprzedszkole.pl\/index.php\/wp-json\/wp\/v2\/pages\/7\/revisions"}],"predecessor-version":[{"id":13,"href":"https:\/\/wodneprzedszkole.pl\/index.php\/wp-json\/wp\/v2\/pages\/7\/revisions\/13"}],"wp:attachment":[{"href":"https:\/\/wodneprzedszkole.pl\/index.php\/wp-json\/wp\/v2\/media?parent=7"}],"curies":[{"name":"wp","href":"https:\/\/api.w.org\/{rel}","templated":true}]}}