{"id":1156,"date":"2025-07-29T16:32:37","date_gmt":"2025-07-29T14:32:37","guid":{"rendered":"https:\/\/wodneprzedszkole.pl\/?page_id=1156"},"modified":"2025-08-02T12:37:34","modified_gmt":"2025-08-02T10:37:34","slug":"regulamin-kryta-plywalnia-osiecznica","status":"publish","type":"page","link":"https:\/\/wodneprzedszkole.pl\/index.php\/regulamin-kryta-plywalnia-osiecznica\/","title":{"rendered":"Regulamin Kryta P\u0142ywalnia Osiecznica"},"content":{"rendered":"\n<p><img loading=\"lazy\" decoding=\"async\" class=\"alignnone size-medium wp-image-29 aligncenter\" src=\"http:\/\/wodneprzedszkole.pl\/wp-content\/uploads\/2017\/09\/logo-300x160.png\" alt=\"\" width=\"300\" height=\"160\" srcset=\"https:\/\/wodneprzedszkole.pl\/wp-content\/uploads\/2017\/09\/logo-300x160.png 300w, https:\/\/wodneprzedszkole.pl\/wp-content\/uploads\/2017\/09\/logo.png 400w\" sizes=\"auto, (max-width: 300px) 100vw, 300px\" \/><\/p>\n<h3 class=\"western\"><span style=\"color: #000000;\"><span style=\"font-size: medium;\"><u><b>Regulamin zaj\u0119\u0107 p\u0142ywania na Krytej P\u0142ywalni w Osiecznicy<\/b><\/u><\/span><\/span><\/h3>\n<p><span style=\"color: #000000;\">1. Przyst\u0105pienie do zaj\u0119\u0107 oznacza brak przeciwskaza\u0144 zdrowotnych do udzia\u0142u dziecka w zaj\u0119ciach na basenie. Nie jest wymagane za\u015bwiadczenie lekarskie.<\/span><\/p>\n<p><span style=\"color: #000000;\">2. Wodne Przedszkole KUBU\u015a organizuje zaj\u0119cia w formie cyklu. Jeden cykl obejmuje 10 spotka\u0144 \u2013 1 raz w tygodniu \u2013 w wymiarze 30 minut. Koszt 350z\u0142 + ka\u017cdorazowe wej\u015bcie na basen wg cennika.<\/span><\/p>\n<p><span style=\"color: #000000;\">3. Zaj\u0119cia odbywaj\u0105 si\u0119 pod opiek\u0105 wykwalifikowanego instruktora.<\/span><\/p>\n<p><span style=\"color: #000000;\">4. Dziecku podczas zaj\u0119\u0107 w wodzie towarzyszy jeden rodzic\/opiekun.<\/span><\/p>\n<p><span style=\"color: #000000;\">5. Zaj\u0119cia nieobecne nie podlegaj\u0105 odrobieniu.<\/span><\/p>\n<p><span style=\"color: #000000;\">7. Op\u0142ata pobierana jest przelewem na konto <strong>55 1950 0001 2006 0221 0515 0002<\/strong>.<\/span><\/p>\n<p><span style=\"color: #000000;\">8. Istnieje mo\u017cliwo\u015b\u0107 wykupienia mniejszej ilo\u015bci zaj\u0119\u0107, w\u00f3wczas jedno spotkanie kosztuje 50z\u0142.\u00a0<\/span><\/p>\n<p><span style=\"color: #000000;\">9. Osoby przyst\u0119puj\u0105ce do trwaj\u0105cego cyklu nie ponosz\u0105 op\u0142aty za zaj\u0119cia, kt\u00f3re ju\u017c si\u0119 odby\u0142y. W takim wypadku wysoko\u015b\u0107 op\u0142aty ustalana jest proporcjonalnie do ko\u0144ca okresu trwania cyklu.<\/span><\/p>\n<p><span style=\"color: #000000;\">10. W przypadku rezygnacji z cyklu po wniesieniu op\u0142aty z przyczyn le\u017c\u0105cych po stronie uczestnika, wniesiona op\u0142ata podlega zwrotowi w wysoko\u015bci po\u0142owy niewykorzystanej kwoty.<\/span><\/p>\n<p><span style=\"color: #000000;\">11. Je\u015bli zaj\u0119cia nie odb\u0119d\u0105 si\u0119 z przyczyn organizatora, kurs zostanie wyd\u0142u\u017cony proporcjonalnie do nieodbytych zaj\u0119\u0107.<\/span><\/p>\n<p><span style=\"color: #000000;\">12. Organizator zastrzega sobie prawo do odwo\u0142ania pojedynczych zaj\u0119\u0107 bez podania przyczyny. W\u00f3wczas cykl wyd\u0142u\u017ca si\u0119 odpowiednio o kolejne spotkanie.<\/span><\/p>\n<p><span style=\"color: #000000;\">13. Za bezpiecze\u0144stwo dzieci w szatniach i pod prysznicem odpowiadaj\u0105 opiekunowie prawni.<\/span><\/p>\n<p><span style=\"color: #000000;\">14. Organizator nie ponosi odpowiedzialno\u015bci za rzeczy pozostawione w szatni.<\/span><\/p>\n<p><span style=\"color: #000000;\">15. Organizator zapewnia sprz\u0119t i przybory niezb\u0119dne do prowadzenia zaj\u0119\u0107.<\/span><\/p>\n<p><span style=\"color: #000000;\">16. Uczestnik\u00f3w zaj\u0119\u0107 obowi\u0105zuje regulamin basenu, na kt\u00f3rym odbywaj\u0105 si\u0119 zaj\u0119cia. Dzieci do lat trzech obowi\u0105zuj\u0105 specjalne pielucho-majtki.<\/span><\/p>\n<p><span style=\"color: #000000;\">17. Za czysto\u015b\u0107 i temperatur\u0119 wody organizator nie ponosi odpowiedzialno\u015bci.<\/span><\/p>\n<p><span style=\"color: #000000;\">18. Organizator zastrzega sobie prawo do zmiany regulaminu.<\/span><\/p>\n<p><span style=\"color: #000000;\">19. Opiekun Prawny Dziecka wyra\u017ca zgod\u0119 na utrwalanie w\u0142asnego wizerunku oraz wizerunku dziecka podczas nagra\u0144 i sesji zdj\u0119ciowych realizowanych w trakcie zaj\u0119\u0107 nauki p\u0142ywania, w sytuacjach aran\u017cowanych przez prowadz\u0105cych zaj\u0119cia.<\/span><\/p>\n<p><span style=\"color: #000000;\">20. Opiekun Prawny Dziecka wyra\u017ca zgod\u0119 na publikacj\u0119 i rozpowszechnianie w\u0142asnego wizerunku oraz wizerunku dziecka utrwalonego w sytuacjach wskazanych w pkt. 19 na stronach internetowych Wodne Przedszkole KUBU\u015a, Facebook.com, youtube.com i Partner\u00f3w Wodnego Przedszkola KUBU\u015a oraz w innych mediach.<\/span><\/p>\n<p><span style=\"color: #000000;\">22. Udzia\u0142 w zaj\u0119ciach jest jednoznaczny z akceptacj\u0105 postanowie\u0144 niniejszego regulaminu.<\/span><\/p>\n<h3><strong>\u00a0<\/strong><\/h3>\n<p>\u00a0<\/p>\n<p>\u00a0<\/p>\n","protected":false},"excerpt":{"rendered":"<p>Regulamin zaj\u0119\u0107 p\u0142ywania na Krytej P\u0142ywalni w Osiecznicy 1. Przyst\u0105pienie do zaj\u0119\u0107 oznacza brak przeciwskaza\u0144 zdrowotnych do udzia\u0142u dziecka w zaj\u0119ciach na basenie. Nie jest wymagane za\u015bwiadczenie lekarskie. 2. Wodne Przedszkole KUBU\u015a organizuje zaj\u0119cia w formie cyklu. Jeden cykl obejmuje 10 spotka\u0144 \u2013 1 raz w tygodniu \u2013 w wymiarze 30 minut. Koszt 350z\u0142 +<a class=\"moretag\" href=\"https:\/\/wodneprzedszkole.pl\/index.php\/regulamin-kryta-plywalnia-osiecznica\/\"><span class=\"screen-reader-text\">Wi\u0119cej oRegulamin Kryta P\u0142ywalnia Osiecznica<\/span>[&#8230;]<\/a><\/p>\n","protected":false},"author":2,"featured_media":0,"parent":0,"menu_order":0,"comment_status":"closed","ping_status":"closed","template":"","meta":{"footnotes":""},"class_list":["post-1156","page","type-page","status-publish","hentry"],"_links":{"self":[{"href":"https:\/\/wodneprzedszkole.pl\/index.php\/wp-json\/wp\/v2\/pages\/1156","targetHints":{"allow":["GET"]}}],"collection":[{"href":"https:\/\/wodneprzedszkole.pl\/index.php\/wp-json\/wp\/v2\/pages"}],"about":[{"href":"https:\/\/wodneprzedszkole.pl\/index.php\/wp-json\/wp\/v2\/types\/page"}],"author":[{"embeddable":true,"href":"https:\/\/wodneprzedszkole.pl\/index.php\/wp-json\/wp\/v2\/users\/2"}],"replies":[{"embeddable":true,"href":"https:\/\/wodneprzedszkole.pl\/index.php\/wp-json\/wp\/v2\/comments?post=1156"}],"version-history":[{"count":4,"href":"https:\/\/wodneprzedszkole.pl\/index.php\/wp-json\/wp\/v2\/pages\/1156\/revisions"}],"predecessor-version":[{"id":1169,"href":"https:\/\/wodneprzedszkole.pl\/index.php\/wp-json\/wp\/v2\/pages\/1156\/revisions\/1169"}],"wp:attachment":[{"href":"https:\/\/wodneprzedszkole.pl\/index.php\/wp-json\/wp\/v2\/media?parent=1156"}],"curies":[{"name":"wp","href":"https:\/\/api.w.org\/{rel}","templated":true}]}}