{"id":1052,"date":"2020-08-04T12:21:26","date_gmt":"2020-08-04T10:21:26","guid":{"rendered":"http:\/\/wodneprzedszkole.pl\/?page_id=1052"},"modified":"2025-08-02T12:44:46","modified_gmt":"2025-08-02T10:44:46","slug":"regulamin-2","status":"publish","type":"page","link":"https:\/\/wodneprzedszkole.pl\/index.php\/regulamin-2\/","title":{"rendered":"Regulamin KANS"},"content":{"rendered":"\n<p align=\"left\"><b><u>Regulamin uczestnictwa w zaj\u0119ciach organizowanych na Krytej P\u0142ywalni KANS w Jeleniej G\u00f3rze<\/u> <u>w roku szkolnym 2025\/2026<\/u><\/b><\/p>\n<p>1.Lekcja nauki i doskonalenia p\u0142ywania trwa 45 minut.<\/p>\n<p>2.Zaj\u0119cia s\u0105 prowadzone w okresie 02.09.2025 &#8211; 26.06.2026. podzielone na dwa semestry:<\/p>\n<p>semestr 1 &#8211; 2.09.2025 -30.01.2026. Semestr 2 &#8211; 16.02.2026 &#8211; 26.06.2026. Szczeg\u00f3\u0142owy<\/p>\n<p>kalendarz znajduje si\u0119 w systemie Activenow.<\/p>\n<p>3.P\u0142atno\u015bci za zaj\u0119cia dokonujemy miesi\u0119cznie do 10-tego ka\u017cdego miesi\u0105ca w wysoko\u015bci<\/p>\n<p>200 z\u0142 bez wzgl\u0119du na ilo\u015b\u0107 zaj\u0119\u0107 przypadaj\u0105cych w danym miesi\u0105cu. Nie ma zni\u017cki dla<\/p>\n<p>rodze\u0144stw.<\/p>\n<p>4.W miesi\u0105cu lutym 2025 r. obowi\u0105zuje 50% nale\u017cno\u015bci &#8211; w ferie zimowe (2.02.-15.02.2026)<\/p>\n<p>zaj\u0119cia si\u0119 nie odbywaj\u0105.<\/p>\n<p>5.P\u0142atno\u015b\u0107 nale\u017cy uregulowa\u0107 przelewem na konto: <b>55 1950 0001 2006 0221 0515 0002<\/b><\/p>\n<p><b>w tytule podaj\u0105c imi\u0119 i nazwisko dziecka.<\/b><\/p>\n<p>6.Brak terminowej p\u0142atno\u015bci skutkuje niedopuszczeniem Ucznia do udzia\u0142u w nauce i<\/p>\n<p>doskonaleniu p\u0142ywania.<\/p>\n<p>7.Uczestnik mo\u017ce zg\u0142osi\u0107 maksymalnie 4 nieobecno\u015bci. Na odrobienie ka\u017cdej z nich<\/p>\n<p>uczestnik ma czas do 26.06.2026.<\/p>\n<p>8.W przypadku wi\u0119kszej ilo\u015bci nieobecno\u015bci, istnieje mo\u017cliwo\u015b\u0107 ich odrobienia, w tym celu<\/p>\n<p>prosimy o kontakt telefoniczny lub sms pod nr 530 997 553.<\/p>\n<p>9.Nieobecno\u015b\u0107 nale\u017cy zg\u0142osi\u0107 na platformie Activenow najp\u00f3\u017aniej do godziny 12.00 w dniu<\/p>\n<p>zaj\u0119\u0107.<\/p>\n<p>10. Nieodrobione zaj\u0119cia nie przechodz\u0105 na nast\u0119pny rok szkolny ani okres wakacyjny.<\/p>\n<p>11.Zaniechanie uczestniczenia w lekcjach nie stanowi podstawy do nienaliczania op\u0142at.<\/p>\n<p>12.W przypadku rezygnacji z zaj\u0119\u0107, obowi\u0105zuje op\u0142ata za do ko\u0144ca trwania semestru.<\/p>\n<p>13.Rezygnacj\u0119 z zaj\u0119\u0107 nale\u017cy zg\u0142osi\u0107 mailowo lub wysy\u0142aj\u0105c sms.<\/p>\n<p>14.Po otrzymaniu elektronicznego potwierdzenia zapisania dziecka do wybranej grupy,<\/p>\n<p>nale\u017cy ui\u015bci\u0107 zaliczk\u0119 w wysoko\u015bci 100 z\u0142 w terminie 7 dni roboczych na powy\u017csze konto,<\/p>\n<p>w tytule wpisuj\u0105c imi\u0119 i nazwisko Uczestnika.<\/p>\n<p>15.Zaliczka jest pobierana na poczet miesi\u0119cznej op\u0142aty w miesi\u0105cu wrze\u015bniu 2025 roku i<\/p>\n<p>gwarantuje miejsce w grupie.<\/p>\n<p>16.Brak wp\u0142aty zaliczki jest jednoznaczne z rezygnacj\u0105 z zaj\u0119\u0107.<\/p>\n<p>17.Je\u015bli uczestnik zrezygnuje z zaj\u0119\u0107 po wp\u0142aceniu zaliczki, nie podlega ona zwrotowi.<\/p>\n<p>18.Obuwie nale\u017cy zostawi\u0107 we w\u0142asnym worku (torbie, reklam\u00f3wce) w szatni w holu<\/p>\n<p>p\u0142ywalni.<\/p>\n<p>19.Uczestnik\u00f3w obowi\u0105zuje regulamin p\u0142ywalni<\/p>\n<p>http:\/\/bip.kpswjg.pl\/userfiles\/file\/doc\/zr19\/8_2019_ZR_Zalacznik__regulaminKP_zmiany.pdf<\/p>\n<p><br \/><br \/><\/p>\n","protected":false},"excerpt":{"rendered":"<p>Regulamin uczestnictwa w zaj\u0119ciach organizowanych na Krytej P\u0142ywalni KANS w Jeleniej G\u00f3rze w roku szkolnym 2025\/2026 1.Lekcja nauki i doskonalenia p\u0142ywania trwa 45 minut. 2.Zaj\u0119cia s\u0105 prowadzone w okresie 02.09.2025 &#8211; 26.06.2026. podzielone na dwa semestry: semestr 1 &#8211; 2.09.2025 -30.01.2026. Semestr 2 &#8211; 16.02.2026 &#8211; 26.06.2026. Szczeg\u00f3\u0142owy kalendarz znajduje si\u0119 w systemie Activenow. 3.P\u0142atno\u015bci<a class=\"moretag\" href=\"https:\/\/wodneprzedszkole.pl\/index.php\/regulamin-2\/\"><span class=\"screen-reader-text\">Wi\u0119cej oRegulamin KANS<\/span>[&#8230;]<\/a><\/p>\n","protected":false},"author":2,"featured_media":0,"parent":0,"menu_order":0,"comment_status":"closed","ping_status":"closed","template":"","meta":{"footnotes":""},"class_list":["post-1052","page","type-page","status-publish","hentry"],"_links":{"self":[{"href":"https:\/\/wodneprzedszkole.pl\/index.php\/wp-json\/wp\/v2\/pages\/1052","targetHints":{"allow":["GET"]}}],"collection":[{"href":"https:\/\/wodneprzedszkole.pl\/index.php\/wp-json\/wp\/v2\/pages"}],"about":[{"href":"https:\/\/wodneprzedszkole.pl\/index.php\/wp-json\/wp\/v2\/types\/page"}],"author":[{"embeddable":true,"href":"https:\/\/wodneprzedszkole.pl\/index.php\/wp-json\/wp\/v2\/users\/2"}],"replies":[{"embeddable":true,"href":"https:\/\/wodneprzedszkole.pl\/index.php\/wp-json\/wp\/v2\/comments?post=1052"}],"version-history":[{"count":22,"href":"https:\/\/wodneprzedszkole.pl\/index.php\/wp-json\/wp\/v2\/pages\/1052\/revisions"}],"predecessor-version":[{"id":1171,"href":"https:\/\/wodneprzedszkole.pl\/index.php\/wp-json\/wp\/v2\/pages\/1052\/revisions\/1171"}],"wp:attachment":[{"href":"https:\/\/wodneprzedszkole.pl\/index.php\/wp-json\/wp\/v2\/media?parent=1052"}],"curies":[{"name":"wp","href":"https:\/\/api.w.org\/{rel}","templated":true}]}}